{"id":1197,"date":"2023-03-21T14:33:36","date_gmt":"2023-03-21T14:33:36","guid":{"rendered":"http:\/\/cps.wegrow.pl\/?page_id=1197"},"modified":"2023-03-21T14:45:27","modified_gmt":"2023-03-21T14:45:27","slug":"2023-2","status":"publish","type":"page","link":"https:\/\/cps.wegrow.pl\/?page_id=1197","title":{"rendered":"2023"},"content":{"rendered":"<h4>Rok 2023<\/h4>\n<h4><a href=\"https:\/\/cps.wegrow.pl\/wp-content\/uploads\/2023\/03\/plakat-Programu-AOON2023.png\"><img loading=\"lazy\" decoding=\"async\" class=\"alignnone size-full wp-image-1207\" src=\"https:\/\/cps.wegrow.pl\/wp-content\/uploads\/2023\/03\/plakat-Programu-AOON2023.png\" alt=\"\" width=\"671\" height=\"914\" srcset=\"https:\/\/cps.wegrow.pl\/wp-content\/uploads\/2023\/03\/plakat-Programu-AOON2023.png 671w, https:\/\/cps.wegrow.pl\/wp-content\/uploads\/2023\/03\/plakat-Programu-AOON2023-220x300.png 220w\" sizes=\"auto, (max-width: 671px) 85vw, 671px\" \/><\/a><\/h4>\n<h4><strong>PROGRAM \u201eASYSTENT OSOBISTY OSOBY NIEPE\u0141NOSPRAWNEJ\u201d \u2013 EDYCJA 2023<\/strong><\/h4>\n<p>Zadanie finansowane ze \u015brodk\u00f3w Pa\u0144stwowego Funduszu Celowego &#8211; Funduszu Solidarno\u015bciowego w ramach Programu Ministra Rodziny i Polityki Spo\u0142ecznej \u201eAsystent Osobisty Osoby Niepe\u0142nosprawnej\u201d \u2013 edycja 2023.<\/p>\n<p><strong>G\u0142\u00f3wnym celem Programu \u201eAsystent osobisty osoby niepe\u0142nosprawnej\u201d jest wprowadzenie us\u0142ugi asystenta jako formy og\u00f3lnodost\u0119pnego wsparcia dla:<\/strong><\/p>\n<ul>\n<li>dzieci do 16 roku \u017cycia z orzeczeniem o niepe\u0142nosprawno\u015bci \u0142\u0105cznie ze wskazaniami konieczno\u015bci sta\u0142ej lub d\u0142ugotrwa\u0142ej opieki lub pomocy innej osoby w zwi\u0105zku ze znacznie ograniczon\u0105 mo\u017cliwo\u015bci\u0105 samodzielnej egzystencji oraz konieczno\u015bci sta\u0142ego wsp\u00f3\u0142udzia\u0142u na co dzie\u0144 opiekuna dziecka w procesie jego leczenia, rehabilitacji i edukacji;<\/li>\n<li>os\u00f3b niepe\u0142nosprawnych posiadaj\u0105cych orzeczenie o znacznym lub umiarkowanym stopniu niepe\u0142nosprawno\u015bci wydane na podstawie ustawy z dnia 27 sierpnia 1997 r. o rehabilitacji zawodowej i spo\u0142ecznej oraz zatrudnianiu os\u00f3b niepe\u0142nosprawnych albo orzeczenie r\u00f3wnowa\u017cne do wy\u017cej wymienionego.<\/li>\n<\/ul>\n<p>&nbsp;<\/p>\n<p><strong>W ramach Programu zaplanowano:<\/strong><\/p>\n<ul>\n<li>udzia\u0142 7 os\u00f3b z niepe\u0142nosprawno\u015bciami wymagaj\u0105cych wysokiego poziomu wsparcia oraz posiadaj\u0105cych orzeczenie o znacznym stopniu niepe\u0142nosprawno\u015bci,<\/li>\n<li>zatrudnienie jednego asystenta osobistego osoby niepe\u0142nosprawnej,<\/li>\n<li>2388 godzin us\u0142ug asystenta: dla 7 os\u00f3b niepe\u0142nosprawnych w stopniu znacznym.<\/li>\n<\/ul>\n<p><strong>\u00a0Program ma zapewnia\u0107:<\/strong><\/p>\n<ul>\n<li>mo\u017cliwo\u015b\u0107 skorzystania przez osoby niepe\u0142nosprawne z pomocy asystenta przy wykonywaniu codziennych czynno\u015bci i funkcjonowaniu w \u017cyciu spo\u0142ecznym,<\/li>\n<li>ograniczenie skutk\u00f3w niepe\u0142nosprawno\u015bci oraz stymulowanie osoby niepe\u0142nosprawnej do podejmowania aktywno\u015bci i umo\u017cliwienie realizowania prawa do niezale\u017cnego \u017cycia,<\/li>\n<li>przeciwdzia\u0142anie dyskryminacji ze wzgl\u0119du na niepe\u0142nosprawno\u015b\u0107 oraz wykluczeniu spo\u0142ecznemu os\u00f3b niepe\u0142nosprawnych, umo\u017cliwienie osobom niepe\u0142nosprawnym uczestnictwa w \u017cyciu lokalnej spo\u0142eczno\u015bci np. poprzez udzia\u0142 w wydarzeniach spo\u0142ecznych, kulturalnych, rozrywkowych czy te\u017c sportowych,<\/li>\n<\/ul>\n<p><strong>Uczestnicy Programu b\u0119d\u0105 mieli mo\u017cliwo\u015b\u0107 skorzystania z pomocy asystenta miedzy innymi przy:<\/strong><\/p>\n<ul>\n<li>wyj\u015bciu, powrocie i doje\u017adzie do wskazanych przez uczestnika miejsc,<\/li>\n<li>czynnym uczestnictwie w wydarzeniach spo\u0142ecznych, kulturalnych, rozrywkowych i sportowych,<\/li>\n<li>wykonywaniu codziennych czynno\u015bci,<\/li>\n<li>za\u0142atwianiu spraw urz\u0119dowych,<\/li>\n<li>nawi\u0105zaniu kontaktu\/wsp\u00f3\u0142pracy z r\u00f3\u017cnego rodzaju organizacjami.<\/li>\n<\/ul>\n<p><strong>Realizacja Programu zosta\u0142a zaplanowana od 02 stycznia 2023r. do 31 grudnia 2023r.\u00a0 <\/strong><\/p>\n<p><strong>Ca\u0142kowita warto\u015b\u0107 Programu: 97.851,01 z\u0142. <\/strong><\/p>\n<p><strong>Dofinansowanie: 97.851,01 z\u0142.<\/strong><\/p>\n","protected":false},"excerpt":{"rendered":"<p>Rok 2023 PROGRAM \u201eASYSTENT OSOBISTY OSOBY NIEPE\u0141NOSPRAWNEJ\u201d \u2013 EDYCJA 2023 Zadanie finansowane ze \u015brodk\u00f3w Pa\u0144stwowego Funduszu Celowego &#8211; Funduszu Solidarno\u015bciowego w ramach Programu Ministra Rodziny i Polityki Spo\u0142ecznej \u201eAsystent Osobisty Osoby Niepe\u0142nosprawnej\u201d \u2013 edycja 2023. G\u0142\u00f3wnym celem Programu \u201eAsystent osobisty osoby niepe\u0142nosprawnej\u201d jest wprowadzenie us\u0142ugi asystenta jako formy og\u00f3lnodost\u0119pnego wsparcia dla: dzieci do 16 roku &hellip; <a href=\"https:\/\/cps.wegrow.pl\/?page_id=1197\" class=\"more-link\">Czytaj dalej<span class=\"screen-reader-text\"> \u201e2023\u201d<\/span><\/a><\/p>\n","protected":false},"author":1,"featured_media":0,"parent":1185,"menu_order":0,"comment_status":"closed","ping_status":"closed","template":"","meta":{"footnotes":""},"class_list":["post-1197","page","type-page","status-publish","hentry"],"_links":{"self":[{"href":"https:\/\/cps.wegrow.pl\/index.php?rest_route=\/wp\/v2\/pages\/1197","targetHints":{"allow":["GET"]}}],"collection":[{"href":"https:\/\/cps.wegrow.pl\/index.php?rest_route=\/wp\/v2\/pages"}],"about":[{"href":"https:\/\/cps.wegrow.pl\/index.php?rest_route=\/wp\/v2\/types\/page"}],"author":[{"embeddable":true,"href":"https:\/\/cps.wegrow.pl\/index.php?rest_route=\/wp\/v2\/users\/1"}],"replies":[{"embeddable":true,"href":"https:\/\/cps.wegrow.pl\/index.php?rest_route=%2Fwp%2Fv2%2Fcomments&post=1197"}],"version-history":[{"count":5,"href":"https:\/\/cps.wegrow.pl\/index.php?rest_route=\/wp\/v2\/pages\/1197\/revisions"}],"predecessor-version":[{"id":1210,"href":"https:\/\/cps.wegrow.pl\/index.php?rest_route=\/wp\/v2\/pages\/1197\/revisions\/1210"}],"up":[{"embeddable":true,"href":"https:\/\/cps.wegrow.pl\/index.php?rest_route=\/wp\/v2\/pages\/1185"}],"wp:attachment":[{"href":"https:\/\/cps.wegrow.pl\/index.php?rest_route=%2Fwp%2Fv2%2Fmedia&parent=1197"}],"curies":[{"name":"wp","href":"https:\/\/api.w.org\/{rel}","templated":true}]}}