{"id":1379,"date":"2024-12-01T15:15:17","date_gmt":"2024-12-01T15:15:17","guid":{"rendered":"http:\/\/cps.wegrow.pl\/?page_id=1379"},"modified":"2024-12-10T12:20:10","modified_gmt":"2024-12-10T12:20:10","slug":"2024-2","status":"publish","type":"page","link":"https:\/\/cps.wegrow.pl\/?page_id=1379","title":{"rendered":"2024"},"content":{"rendered":"<p style=\"text-align: justify;\">Miasto W\u0119gr\u00f3w w 2024 roku realizowa\u0142o program os\u0142onowy \u201eKorpus wsparcia senior\u00f3w\u201d na rok 2024. W ramach programu zapewniono dla 25 os\u00f3b pomoc w formie us\u0142ug teleopieki. Realizacja Programu przyczyni\u0142a si\u0119 do zwi\u0119kszenia poczucia bezpiecze\u0144stwa mieszka\u0144c\u00f3w naszego Miasta, wzrostu ich samodzielno\u015bci a tak\u017ce zmniejszenia zapotrzebowania na tradycyjne us\u0142ugi opieku\u0144cze.<\/p>\n<p style=\"text-align: justify;\">Realizacja Programu mo\u017cliwa by\u0142a dzi\u0119ki otrzymanej dotacji z bud\u017cetu pa\u0144stwa w kwocie 15.480,00 z\u0142 z przeznaczeniem na realizacj\u0119 Modu\u0142u II Programu \u201eKorpus Wsparcia Senior\u00f3w\u201d w 2024 r.. Warto\u015b\u0107 ca\u0142ego zadania wynosi\u0142a 19.350,00 z\u0142.<\/p>\n<p><a href=\"https:\/\/cps.wegrow.pl\/wp-content\/uploads\/2024\/12\/Plakat-z-Programu-Korpus-Wsparcia-Seniorow-2024.pdf\">Plakat z Programu Korpus Wsparcia Senior\u00f3w 2024<\/a><\/p>\n","protected":false},"excerpt":{"rendered":"<p>Miasto W\u0119gr\u00f3w w 2024 roku realizowa\u0142o program os\u0142onowy \u201eKorpus wsparcia senior\u00f3w\u201d na rok 2024. W ramach programu zapewniono dla 25 os\u00f3b pomoc w formie us\u0142ug teleopieki. Realizacja Programu przyczyni\u0142a si\u0119 do zwi\u0119kszenia poczucia bezpiecze\u0144stwa mieszka\u0144c\u00f3w naszego Miasta, wzrostu ich samodzielno\u015bci a tak\u017ce zmniejszenia zapotrzebowania na tradycyjne us\u0142ugi opieku\u0144cze. Realizacja Programu mo\u017cliwa by\u0142a dzi\u0119ki otrzymanej dotacji &hellip; <a href=\"https:\/\/cps.wegrow.pl\/?page_id=1379\" class=\"more-link\">Czytaj dalej<span class=\"screen-reader-text\"> \u201e2024\u201d<\/span><\/a><\/p>\n","protected":false},"author":1,"featured_media":0,"parent":1183,"menu_order":0,"comment_status":"closed","ping_status":"closed","template":"","meta":{"footnotes":""},"class_list":["post-1379","page","type-page","status-publish","hentry"],"_links":{"self":[{"href":"https:\/\/cps.wegrow.pl\/index.php?rest_route=\/wp\/v2\/pages\/1379","targetHints":{"allow":["GET"]}}],"collection":[{"href":"https:\/\/cps.wegrow.pl\/index.php?rest_route=\/wp\/v2\/pages"}],"about":[{"href":"https:\/\/cps.wegrow.pl\/index.php?rest_route=\/wp\/v2\/types\/page"}],"author":[{"embeddable":true,"href":"https:\/\/cps.wegrow.pl\/index.php?rest_route=\/wp\/v2\/users\/1"}],"replies":[{"embeddable":true,"href":"https:\/\/cps.wegrow.pl\/index.php?rest_route=%2Fwp%2Fv2%2Fcomments&post=1379"}],"version-history":[{"count":3,"href":"https:\/\/cps.wegrow.pl\/index.php?rest_route=\/wp\/v2\/pages\/1379\/revisions"}],"predecessor-version":[{"id":1392,"href":"https:\/\/cps.wegrow.pl\/index.php?rest_route=\/wp\/v2\/pages\/1379\/revisions\/1392"}],"up":[{"embeddable":true,"href":"https:\/\/cps.wegrow.pl\/index.php?rest_route=\/wp\/v2\/pages\/1183"}],"wp:attachment":[{"href":"https:\/\/cps.wegrow.pl\/index.php?rest_route=%2Fwp%2Fv2%2Fmedia&parent=1379"}],"curies":[{"name":"wp","href":"https:\/\/api.w.org\/{rel}","templated":true}]}}