{"id":1423,"date":"2025-05-25T18:22:52","date_gmt":"2025-05-25T18:22:52","guid":{"rendered":"https:\/\/cps.wegrow.pl\/?page_id=1423"},"modified":"2025-05-26T07:44:16","modified_gmt":"2025-05-26T07:44:16","slug":"karta-duzej-rodziny","status":"publish","type":"page","link":"https:\/\/cps.wegrow.pl\/?page_id=1423","title":{"rendered":"Karta Du\u017cej Rodziny"},"content":{"rendered":"<p>Informujemy, \u017ce od maja 2025 r. realizatorem Karty Du\u017cej Rodziny\u00a0 na terenie miasta W\u0119growa jest Centrum Pomocy Spo\u0142ecznej w W\u0119growie, ul. Gda\u0144ska 69.<\/p>\n<p>Wszystkie informacje na temat Karty Du\u017cej Rodziny dost\u0119pne s\u0105,\u00a0 stronie internetowej Ministerstwa Rodziny, Pracy i Polityki Spo\u0142ecznej.<\/p>\n<p><a href=\"https:\/\/www.gov.pl\/web\/rodzina\/karta-duzej-rodziny-ogolne\">Karta Du\u017cej Rodziny &#8211; Ministerstwo Rodziny, Pracy i Polityki Spo\u0142ecznej &#8211; Portal Gov.pl<\/a><\/p>\n","protected":false},"excerpt":{"rendered":"<p>Informujemy, \u017ce od maja 2025 r. realizatorem Karty Du\u017cej Rodziny\u00a0 na terenie miasta W\u0119growa jest Centrum Pomocy Spo\u0142ecznej w W\u0119growie, ul. Gda\u0144ska 69. Wszystkie informacje na temat Karty Du\u017cej Rodziny dost\u0119pne s\u0105,\u00a0 stronie internetowej Ministerstwa Rodziny, Pracy i Polityki Spo\u0142ecznej. Karta Du\u017cej Rodziny &#8211; Ministerstwo Rodziny, Pracy i Polityki Spo\u0142ecznej &#8211; Portal Gov.pl<\/p>\n","protected":false},"author":1,"featured_media":0,"parent":0,"menu_order":0,"comment_status":"closed","ping_status":"closed","template":"","meta":{"footnotes":""},"class_list":["post-1423","page","type-page","status-publish","hentry"],"_links":{"self":[{"href":"https:\/\/cps.wegrow.pl\/index.php?rest_route=\/wp\/v2\/pages\/1423","targetHints":{"allow":["GET"]}}],"collection":[{"href":"https:\/\/cps.wegrow.pl\/index.php?rest_route=\/wp\/v2\/pages"}],"about":[{"href":"https:\/\/cps.wegrow.pl\/index.php?rest_route=\/wp\/v2\/types\/page"}],"author":[{"embeddable":true,"href":"https:\/\/cps.wegrow.pl\/index.php?rest_route=\/wp\/v2\/users\/1"}],"replies":[{"embeddable":true,"href":"https:\/\/cps.wegrow.pl\/index.php?rest_route=%2Fwp%2Fv2%2Fcomments&post=1423"}],"version-history":[{"count":3,"href":"https:\/\/cps.wegrow.pl\/index.php?rest_route=\/wp\/v2\/pages\/1423\/revisions"}],"predecessor-version":[{"id":1427,"href":"https:\/\/cps.wegrow.pl\/index.php?rest_route=\/wp\/v2\/pages\/1423\/revisions\/1427"}],"wp:attachment":[{"href":"https:\/\/cps.wegrow.pl\/index.php?rest_route=%2Fwp%2Fv2%2Fmedia&parent=1423"}],"curies":[{"name":"wp","href":"https:\/\/api.w.org\/{rel}","templated":true}]}}