{"id":1453,"date":"2025-08-28T10:34:47","date_gmt":"2025-08-28T10:34:47","guid":{"rendered":"https:\/\/cps.wegrow.pl\/?page_id=1453"},"modified":"2025-08-28T11:16:19","modified_gmt":"2025-08-28T11:16:19","slug":"asystent-osobisty-osoby-z-niepelnosprawnoscia-2026","status":"publish","type":"page","link":"https:\/\/cps.wegrow.pl\/?page_id=1453","title":{"rendered":"Asystent osobisty osoby z niepe\u0142nosprawno\u015bci\u0105 2026"},"content":{"rendered":"<p><strong>Kierownik Centrum Pomocy Spo\u0142ecznej w W\u0119growie og\u0142asza nab\u00f3r wniosk\u00f3w do programu &#8222;Asystent osobisty osoby z niepe\u0142nosprawno\u015bci\u0105&#8221; dla Jednostek Samorz\u0105du Terytorialnego &#8211; edycja 2026<\/strong><\/p>\n<p><img loading=\"lazy\" decoding=\"async\" class=\"size-medium wp-image-1457 aligncenter\" src=\"https:\/\/cps.wegrow.pl\/wp-content\/uploads\/2025\/08\/flaga-godlo-300x102.jpg\" alt=\"\" width=\"300\" height=\"102\" srcset=\"https:\/\/cps.wegrow.pl\/wp-content\/uploads\/2025\/08\/flaga-godlo-300x102.jpg 300w, https:\/\/cps.wegrow.pl\/wp-content\/uploads\/2025\/08\/flaga-godlo.jpg 361w\" sizes=\"auto, (max-width: 300px) 85vw, 300px\" \/><\/p>\n<p style=\"text-align: justify;\">Minister Rodziny, Pracy i Polityki Spo\u0142ecznej, zwany dalej \u201eMinistrem&#8221; og\u0142osi\u0142 nab\u00f3r wniosk\u00f3w na realizacj\u0119 Programu \u201eAsystent osobisty osoby z niepe\u0142nosprawno\u015bci\u0105\u201d dla Jednostek Samorz\u0105du Terytorialnego \u2013 edycja 2026, zwanego dalej \u201eProgramem\u201d.<\/p>\n<p style=\"text-align: justify;\">Program realizowany b\u0119dzie ze \u015brodk\u00f3w Funduszu Solidarno\u015bciowego, o kt\u00f3rym mowa w ustawie z\u00a0dnia 23 pa\u017adziernika 2018 r. o Funduszu Solidarno\u015bciowym (Dz.U. z 2024 r. poz.1848), zwanego dalej \u201eFunduszem\u201d.<\/p>\n<p style=\"text-align: justify;\">Podstaw\u0105 prawn\u0105 Programu jest art.7 ust.5 ustawy z dnia 23 pa\u017adziernika 2018 r. o Funduszu Solidarno\u015bciowym. Nab\u00f3r wniosk\u00f3w przeprowadzony zostanie zgodnie z art.13 ww. ustawy.<\/p>\n<p style=\"text-align: justify;\">\u00a0G\u0142\u00f3wnym celem Programu jest wprowadzenie us\u0142ug asystencji osobistej jako formy og\u00f3lnodost\u0119pnego wsparcia w wykonywaniu codziennych czynno\u015bci oraz funkcjonowaniu w \u017cyciu spo\u0142ecznym.<\/p>\n<p>\u00a0<strong>Adresatami Programu s\u0105:<\/strong><\/p>\n<ul>\n<li style=\"text-align: justify;\">dzieci od uko\u0144czenia 2. roku \u017cycia do uko\u0144czenia 16. roku \u017cycia posiadaj\u0105ce orzeczenie o\u00a0niepe\u0142nosprawno\u015bci \u0142\u0105cznie ze wskazaniami w pkt 7 i 8 w orzeczeniu o niepe\u0142nosprawno\u015bci \u2013 konieczno\u015bci sta\u0142ej lub d\u0142ugotrwa\u0142ej opieki lub pomocy innej osoby w zwi\u0105zku ze znacznie ograniczon\u0105 mo\u017cliwo\u015bci\u0105 samodzielnej egzystencji oraz konieczno\u015bci sta\u0142ego wsp\u00f3\u0142udzia\u0142u na co dzie\u0144 opiekuna dziecka w procesie jego leczenia, rehabilitacji i edukacji oraz<\/li>\n<li style=\"text-align: justify;\">osoby z niepe\u0142nosprawno\u015bciami posiadaj\u0105ce orzeczenie: o znacznym stopniu niepe\u0142nosprawno\u015bci albo o umiarkowanym stopniu niepe\u0142nosprawno\u015bci albo<\/li>\n<li style=\"text-align: justify;\">traktowane na r\u00f3wni z orzeczeniami wymienionymi w lit. a i b, zgodnie z art. 5 i art. 62 ustawy z dnia 27 sierpnia 1997 r. o rehabilitacji zawodowej i spo\u0142ecznej oraz zatrudnianiu os\u00f3b niepe\u0142nosprawnych.<\/li>\n<\/ul>\n<p style=\"text-align: justify;\"><strong>Prosimy o zg\u0142oszenie si\u0119 os\u00f3b zainteresowanych udzia\u0142em w Programie w\u00a0terminie do dnia 5 wrze\u015bnia 2025 r. do godz. 15:00 w celu dokonania diagnozy potrzeb.<\/strong><\/p>\n<p style=\"text-align: justify;\"><strong>Zebrane od Pa\u0144stwa informacje pos\u0142u\u017c\u0105 do ustalenia zapotrzebowania na tego typu us\u0142ug\u0119 w 2026 roku i\u00a0aplikowanie o \u015brodki finansowe na realizacj\u0119 Programu Asystent osobisty osoby z\u00a0niepe\u0142nosprawno\u015bci\u0105 dla Jednostek Samorz\u0105du Terytorialnego \u2013 edycja 2026.<\/strong><\/p>\n<p style=\"text-align: justify;\"><strong>Osoby zainteresowane powinny z\u0142o\u017cy\u0107 wype\u0142nion\u0105 Kart\u0119 zg\u0142oszenia do programu &#8211; Za\u0142\u0105cznik nr 7, Kart\u0119 zakresu czynno\u015bci &#8211; Za\u0142\u0105cznik nr 8, w siedzibie Centrum Pomocy Spo\u0142ecznej w W\u0119growie ul. Gda\u0144ska 69 do dnia 5 wrze\u015bnia 2025 r. (pi\u0105tek)\u00a0 do godz. 15.00 lub Poczt\u0105 Polsk\u0105 z dopiskiem AOON 2026, lub przez e-PUAP. Liczy si\u0119 data wp\u0142ywu Karty zg\u0142oszenia do CPS. \u00a0<\/strong><\/p>\n<p>Wi\u0119cej informacji mo\u017cna znale\u017a\u0107 na stronie internetowej Biura Pe\u0142nomocnika Rz\u0105du do Spraw Os\u00f3b Niepe\u0142nosprawnych:<\/p>\n<p><a href=\"https:\/\/www.gov.pl\/web\/rodzina\/nabor-wnioskow-w-ramach-resortowego-programu-ministra-rodziny-pracy-i-polityki-spolecznej-asystent-osobisty-osoby-z-niepelnosprawnoscia-dla-jednostek-samorzadu-terytorialnego--edycja-2026\">https:\/\/www.gov.pl\/web\/rodzina\/nabor-wnioskow-w-ramach-resortowego-programu-ministra-rodziny-pracy-i-polityki-spolecznej-asystent-osobisty-osoby-z-niepelnosprawnoscia-dla-jednostek-samorzadu-terytorialnego&#8211;edycja-2026<\/a><\/p>\n<p style=\"background: white;\"><span style=\"font-size: 10.0pt; font-family: 'Tahoma',sans-serif; color: #1d1c24;\">Za\u0142\u0105czniki :<\/span><\/p>\n<p style=\"background: white; font-variant-ligatures: normal; font-variant-caps: normal; orphans: 2; text-align: start; widows: 2; -webkit-text-stroke-width: 0px; text-decoration-thickness: initial; text-decoration-style: initial; text-decoration-color: initial; word-spacing: 0px;\"><span style=\"font-size: 10.0pt; font-family: 'Tahoma',sans-serif; color: #1d1c24;\">1. Za\u0142\u0105cznik-nr-7-do-Programu-AOON-JST-2026_karta_zg\u0142oszenia: <\/span><\/p>\n<p><a href=\"https:\/\/cps.wegrow.pl\/wp-content\/uploads\/2025\/08\/Zalacznik-nr-7-do-Programu-AOON-JST-2026_karta_zgloszenia.pdf\">Za\u0142\u0105cznik-nr-7-do-Programu-AOON-JST-2026_karta_zg\u0142oszenia<\/a><\/p>\n<p style=\"background: white; font-variant-ligatures: normal; font-variant-caps: normal; orphans: 2; text-align: start; widows: 2; -webkit-text-stroke-width: 0px; text-decoration-thickness: initial; text-decoration-style: initial; text-decoration-color: initial; word-spacing: 0px;\"><span style=\"font-size: 10.0pt; font-family: 'Tahoma',sans-serif; color: #1d1c24;\">2. Za\u0142\u0105cznik-nr-8-do-Programu-AOON-JST-2026_karta_zakresu_czynno\u015bci: <\/span><\/p>\n<p><a href=\"https:\/\/cps.wegrow.pl\/wp-content\/uploads\/2025\/08\/Zalacznik-nr-8-do-Programu-AOON-JST-2026_karta_zakresu_czynnosci.pdf\">Za\u0142\u0105cznik-nr-8-do-Programu-AOON-JST-2026_karta_zakresu_czynno\u015bci<\/a><\/p>\n","protected":false},"excerpt":{"rendered":"<p>Kierownik Centrum Pomocy Spo\u0142ecznej w W\u0119growie og\u0142asza nab\u00f3r wniosk\u00f3w do programu &#8222;Asystent osobisty osoby z niepe\u0142nosprawno\u015bci\u0105&#8221; dla Jednostek Samorz\u0105du Terytorialnego &#8211; edycja 2026 Minister Rodziny, Pracy i Polityki Spo\u0142ecznej, zwany dalej \u201eMinistrem&#8221; og\u0142osi\u0142 nab\u00f3r wniosk\u00f3w na realizacj\u0119 Programu \u201eAsystent osobisty osoby z niepe\u0142nosprawno\u015bci\u0105\u201d dla Jednostek Samorz\u0105du Terytorialnego \u2013 edycja 2026, zwanego dalej \u201eProgramem\u201d. Program realizowany &hellip; <a href=\"https:\/\/cps.wegrow.pl\/?page_id=1453\" class=\"more-link\">Czytaj dalej<span class=\"screen-reader-text\"> \u201eAsystent osobisty osoby z niepe\u0142nosprawno\u015bci\u0105 2026\u201d<\/span><\/a><\/p>\n","protected":false},"author":3,"featured_media":0,"parent":0,"menu_order":0,"comment_status":"closed","ping_status":"closed","template":"","meta":{"footnotes":""},"class_list":["post-1453","page","type-page","status-publish","hentry"],"_links":{"self":[{"href":"https:\/\/cps.wegrow.pl\/index.php?rest_route=\/wp\/v2\/pages\/1453","targetHints":{"allow":["GET"]}}],"collection":[{"href":"https:\/\/cps.wegrow.pl\/index.php?rest_route=\/wp\/v2\/pages"}],"about":[{"href":"https:\/\/cps.wegrow.pl\/index.php?rest_route=\/wp\/v2\/types\/page"}],"author":[{"embeddable":true,"href":"https:\/\/cps.wegrow.pl\/index.php?rest_route=\/wp\/v2\/users\/3"}],"replies":[{"embeddable":true,"href":"https:\/\/cps.wegrow.pl\/index.php?rest_route=%2Fwp%2Fv2%2Fcomments&post=1453"}],"version-history":[{"count":5,"href":"https:\/\/cps.wegrow.pl\/index.php?rest_route=\/wp\/v2\/pages\/1453\/revisions"}],"predecessor-version":[{"id":1469,"href":"https:\/\/cps.wegrow.pl\/index.php?rest_route=\/wp\/v2\/pages\/1453\/revisions\/1469"}],"wp:attachment":[{"href":"https:\/\/cps.wegrow.pl\/index.php?rest_route=%2Fwp%2Fv2%2Fmedia&parent=1453"}],"curies":[{"name":"wp","href":"https:\/\/api.w.org\/{rel}","templated":true}]}}