{"id":148,"date":"2017-01-12T13:22:16","date_gmt":"2017-01-12T13:22:16","guid":{"rendered":"http:\/\/serwer1604704.home.pl\/autoinstalator\/wordpress\/?page_id=148"},"modified":"2023-01-20T09:55:02","modified_gmt":"2023-01-20T09:55:02","slug":"podstawowe-akty-prawne","status":"publish","type":"page","link":"https:\/\/cps.wegrow.pl\/?page_id=148","title":{"rendered":"Podstawowe akty prawne"},"content":{"rendered":"<p><b> \u00a0 <\/b> <b> <u> Podstawa prawna <\/u> <\/b><\/p>\n<p>Wi\u0105\u017c\u0105ce teksty akt\u00f3w prawnych\u00a0 opublikowane s\u0105\u00a0w Dzienniku Ustaw.<\/p>\n<p class=\"p1\"><b> 1.\u00a0\u00a0\u00a0\u00a0\u00a0<\/b> Ustawa z dnia 7 wrze\u015bnia 2007 r. o pomocy osobom uprawnionym do aliment\u00f3w<\/p>\n<p class=\"p1\"><b> 2.\u00a0\u00a0\u00a0\u00a0\u00a0\u00a0<\/b>Rozporz\u0105dzenie Ministra Pracy i Polityki Spo\u0142ecznej w sprawie wzoru kwestionariusza wywiadu alimentacyjnego oraz wzoru o\u015bwiadczenia maj\u0105tku d\u0142u\u017cnika alimentacyjnego<\/p>\n<p class=\"p1\" style=\"text-align: justify;\"><b> 3.\u00a0\u00a0\u00a0\u00a0\u00a0\u00a0<\/b>Rozporz\u0105dzenie Ministra Pracy i Polityki Spo\u0142ecznej w sprawie sposobu i trybu post\u0119powania, sposobu ustalania dochodu oraz wzor\u00f3w wniosku, za\u015bwiadcze\u0144 i o\u015bwiadcze\u0144 o ustalenie prawa do \u015bwiadcze\u0144 z funduszu alimentacyjnego<\/p>\n<p class=\"p1\" style=\"text-align: justify;\"><b> 4.\u00a0\u00a0\u00a0\u00a0\u00a0\u00a0<\/b>Ustawa z dnia 14 czerwca 1960r. Kodeks post\u0119powania administracyjnego<\/p>\n<p class=\"p1\" style=\"text-align: justify;\"><b> 5.\u00a0\u00a0\u00a0\u00a0\u00a0\u00a0<\/b>Zarz\u0105dzenie Nr 167\/2012 Burmistrza Miasta W\u0119growa z dnia\u00a024\u00a0stycznia 2012 r.\u00a0 w sprawie upowa\u017cnienia Kierownika Centrum Pomocy Spo\u0142ecznej w W\u0119growie do wydawania decyzji administracyjnych w sprawach \u015bwiadcze\u0144 z funduszu alimentacyjnego.<\/p>\n","protected":false},"excerpt":{"rendered":"<p>\u00a0 Podstawa prawna Wi\u0105\u017c\u0105ce teksty akt\u00f3w prawnych\u00a0 opublikowane s\u0105\u00a0w Dzienniku Ustaw. 1.\u00a0\u00a0\u00a0\u00a0\u00a0 Ustawa z dnia 7 wrze\u015bnia 2007 r. o pomocy osobom uprawnionym do aliment\u00f3w 2.\u00a0\u00a0\u00a0\u00a0\u00a0\u00a0Rozporz\u0105dzenie Ministra Pracy i Polityki Spo\u0142ecznej w sprawie wzoru kwestionariusza wywiadu alimentacyjnego oraz wzoru o\u015bwiadczenia maj\u0105tku d\u0142u\u017cnika alimentacyjnego 3.\u00a0\u00a0\u00a0\u00a0\u00a0\u00a0Rozporz\u0105dzenie Ministra Pracy i Polityki Spo\u0142ecznej w sprawie sposobu i trybu post\u0119powania, &hellip; <a href=\"https:\/\/cps.wegrow.pl\/?page_id=148\" class=\"more-link\">Czytaj dalej<span class=\"screen-reader-text\"> \u201ePodstawowe akty prawne\u201d<\/span><\/a><\/p>\n","protected":false},"author":1,"featured_media":0,"parent":101,"menu_order":0,"comment_status":"closed","ping_status":"closed","template":"","meta":{"footnotes":""},"class_list":["post-148","page","type-page","status-publish","hentry"],"_links":{"self":[{"href":"https:\/\/cps.wegrow.pl\/index.php?rest_route=\/wp\/v2\/pages\/148","targetHints":{"allow":["GET"]}}],"collection":[{"href":"https:\/\/cps.wegrow.pl\/index.php?rest_route=\/wp\/v2\/pages"}],"about":[{"href":"https:\/\/cps.wegrow.pl\/index.php?rest_route=\/wp\/v2\/types\/page"}],"author":[{"embeddable":true,"href":"https:\/\/cps.wegrow.pl\/index.php?rest_route=\/wp\/v2\/users\/1"}],"replies":[{"embeddable":true,"href":"https:\/\/cps.wegrow.pl\/index.php?rest_route=%2Fwp%2Fv2%2Fcomments&post=148"}],"version-history":[{"count":5,"href":"https:\/\/cps.wegrow.pl\/index.php?rest_route=\/wp\/v2\/pages\/148\/revisions"}],"predecessor-version":[{"id":1156,"href":"https:\/\/cps.wegrow.pl\/index.php?rest_route=\/wp\/v2\/pages\/148\/revisions\/1156"}],"up":[{"embeddable":true,"href":"https:\/\/cps.wegrow.pl\/index.php?rest_route=\/wp\/v2\/pages\/101"}],"wp:attachment":[{"href":"https:\/\/cps.wegrow.pl\/index.php?rest_route=%2Fwp%2Fv2%2Fmedia&parent=148"}],"curies":[{"name":"wp","href":"https:\/\/api.w.org\/{rel}","templated":true}]}}