{"id":150,"date":"2017-01-12T13:23:09","date_gmt":"2017-01-12T13:23:09","guid":{"rendered":"http:\/\/serwer1604704.home.pl\/autoinstalator\/wordpress\/?page_id=150"},"modified":"2021-10-01T10:15:19","modified_gmt":"2021-10-01T10:15:19","slug":"informacje-ogolne","status":"publish","type":"page","link":"https:\/\/cps.wegrow.pl\/?page_id=150","title":{"rendered":"Informacje og\u00f3lne"},"content":{"rendered":"<p>&nbsp;<\/p>\n<p><strong> Krystyna Tch\u00f3rzewska: <\/strong> <strong> samodzielny referent ds. dodatk\u00f3w mieszkaniowych i dodatk\u00f3w energetycznych<\/strong><\/p>\n<p><strong> nr tel.:\u00a0\u00a0(0-25) 792 20 57\u00a0\u00a0\u00a0w.\u00a026 <\/strong><\/p>\n<p><strong>Dodatki mieszkaniowe:<\/strong><br \/>\n<strong> Komu przys\u0142uguje dodatek mieszkaniowy? <\/strong><\/p>\n<ul>\n<li>najemcom oraz podnajemcom lokali mieszkalnych,<\/li>\n<li>cz\u0142onkom sp\u00f3\u0142dzielni mieszkaniowych zamieszkuj\u0105cym na podstawie sp\u00f3\u0142dzielczego prawa do lokalu mieszkalnego,<\/li>\n<li>osobom zajmuj\u0105cym lokale mieszkalne w budynkach stanowi\u0105cych ich w\u0142asno\u015b\u0107 i w\u0142a\u015bcicielom lokali mieszkalnych,<\/li>\n<li>innym osobom maj\u0105cym tytu\u0142 prawny do zajmowanego lokalu mieszkalnego i ponosz\u0105cym wydatki zwi\u0105zane z jego zajmowaniem,<\/li>\n<li>osobom zajmuj\u0105cym lokal mieszkalny bez tytu\u0142u prawnego, oczekuj\u0105cym na przys\u0142uguj\u0105cy im lokal zamienny albo socjalny.<\/li>\n<\/ul>\n<p>&nbsp;<\/p>\n<p><strong> Kiedy przys\u0142uguje dodatek mieszkaniowy? <\/strong><\/p>\n<p>&nbsp;<\/p>\n<ul>\n<li>dodatek mieszkaniowy przys\u0142uguje osobom, je\u017celi \u015bredni miesi\u0119czny doch\u00f3d na jednego cz\u0142onka gospodarstwa domowego w okresie 3 miesi\u0119cy poprzedzaj\u0105cych dat\u0119 z\u0142o\u017cenia wniosku o przyznanie dodatku mieszkaniowego nie przekracza 160% kwoty najni\u017cszej emerytury w gospodarstwie jednoosobowym i 110% tej kwoty w gospodarstwie wieloosobowym, obowi\u0105zuj\u0105cej w dniu z\u0142o\u017cenia wniosku,<\/li>\n<li>je\u017celi \u015bredni miesi\u0119czny doch\u00f3d na jednego cz\u0142onka gospodarstwa domowego jest wy\u017cszy od okre\u015blonego w art. 3 ust. 1, a kwota nadwy\u017cki nie przekracza wysoko\u015bci dodatku mieszkaniowego, nale\u017cny dodatek mieszkaniowy obni\u017ca si\u0119 o t\u0119 kwot\u0119,<\/li>\n<li>normatywna powierzchnia u\u017cytkowa lokalu mieszkalnego lub budynku mieszkalnego, w kt\u00f3rym znajduje si\u0119 tylko jeden lokal mieszkalny (dom jednorodzinny), zwana dalej &#8222;normatywn\u0105 powierzchni\u0105&#8221;, w przeliczeniu na liczb\u0119 cz\u0142onk\u00f3w gospodarstwa domowego \u00a0nie mo\u017ce przekracza\u0107:<br \/>\n1) 35 m2 &#8211; dla 1 osoby,<br \/>\n2) 40 m2 &#8211; dla 2 os\u00f3b,<br \/>\n3) 45 m2 &#8211; dla 3 os\u00f3b,<br \/>\n4) 55 m2 &#8211; dla 4 os\u00f3b,<br \/>\n5) 65 m2 &#8211; dla 5 os\u00f3b,<br \/>\n6) 70 m2 &#8211; dla 6 os\u00f3b, a w razie zamieszkiwania w lokalu mieszkalnym wi\u0119kszej liczby os\u00f3b dla ka\u017cdej kolejnej osoby zwi\u0119ksza si\u0119 normatywn\u0105 powierzchni\u0119 tego lokalu o 5 m<sup>2<\/sup><\/li>\n<li>normatywn\u0105 powierzchni\u0119 powi\u0119ksza si\u0119 o 15 m<sup>2<\/sup>, je\u017celi w lokalu mieszkalnym zamieszkuje osoba niepe\u0142nosprawna poruszaj\u0105ca si\u0119 na w\u00f3zku lub osoba niepe\u0142nosprawna, je\u017celi niepe\u0142nosprawno\u015b\u0107 wymaga zamieszkiwania w oddzielnym pokoju. O wymogu zamieszkiwania w oddzielnym pokoju orzeka Powiatowy Zesp\u00f3\u0142 ds. Orzekania o Niepe\u0142nosprawno\u015bci.<\/li>\n<\/ul>\n<p>&nbsp;<\/p>\n<p>Dodatek mieszkaniowy przyznaje si\u0119 na okres 6 miesi\u0119cy, licz\u0105c od pierwszego dnia miesi\u0105ca nast\u0119puj\u0105cego po dniu z\u0142o\u017cenia wniosku.<\/p>\n<p>Dodatku mieszkaniowego nie przyznaje si\u0119, je\u017celi jego kwota by\u0142aby ni\u017csza ni\u017c 2% kwoty najni\u017cszej emerytury w dniu wydania decyzji.<\/p>\n<p><strong> Jakie dokumenty nale\u017cy przed\u0142o\u017cy\u0107? <\/strong><\/p>\n<ul>\n<li>Wniosek o przyznanie dodatku mieszkaniowego.<\/li>\n<li>Deklaracj\u0119 o dochodach wszystkich cz\u0142onk\u00f3w rodziny pozostaj\u0105cych we wsp\u00f3lnym gospodarstwie domowym: za\u015bwiadczenia potwierdzaj\u0105ce wysoko\u015b\u0107 dochod\u00f3w za okres 3 miesi\u0119cy poprzedzaj\u0105cych dat\u0119 z\u0142o\u017cenia wniosku, za\u015bwiadczenia okre\u015blaj\u0105ce wysoko\u015b\u0107 zarobk\u00f3w, zasi\u0142k\u00f3w rodzinnych, aliment\u00f3w,\u00a0za\u015bwiadczenie z ZUS \u00a0(lub odcinki) pobieranych \u015bwiadcze\u0144 emerytalno-rentowych, dodatk\u00f3w kombatanckich, rycza\u0142t\u00f3w energetycznych, odcinki lub za\u015bwiadczenia potwierdzaj\u0105ce wysoko\u015b\u0107 pobieranych zasi\u0142k\u00f3w dla bezrobotnych, zasi\u0142k\u00f3w i \u015bwiadcze\u0144 przedemerytalnych, wysoko\u015b\u0107 pobieranych przez student\u00f3w stypendi\u00f3w a w przypadku os\u00f3b pe\u0142noletnich w wieku produkcyjnym nie ucz\u0105cych si\u0119, nie pracuj\u0105cych, nie pobieraj\u0105cych \u015bwiadcze\u0144 emerytalno-rentowych, nie zarejestrowanych w Powiatowym Urz\u0119dzie Pracy jako poszukuj\u0105ce pracy wymagane jest osobiste stawiennictwo celem z\u0142o\u017cenia stosownego o\u015bwiadczenia.<\/li>\n<li>Dokument potwierdzaj\u0105cy tytu\u0142 prawny do zajmowanego mieszkania (akt w\u0142asno\u015bci, decyzja o przydziale lokalu mieszkalnego, umowa najmu itp.).<\/li>\n<li>Dokumenty potwierdzaj\u0105ce wysoko\u015b\u0107 poniesionych op\u0142at mieszkaniowych w m-cu, w kt\u00f3rym sk\u0142adany jest wniosek.<\/li>\n<li>W\u0142a\u015bciciel domu jednorodzinnego jest obowi\u0105zany do\u0142\u0105czy\u0107 do wniosku, dokumenty potwierdzaj\u0105ce wielko\u015b\u0107 powierzchni u\u017cytkowej i stan wyposa\u017cenia technicznego budynku. Stosowne za\u015bwiadczenie mo\u017cna uzyska\u0107 w Starostwie Powiatowym przy ul. Pi\u0142sudskiego 23.<\/li>\n<li>Pro\u015bb\u0119 o przekazywanie dodatku w ca\u0142o\u015bci na konto zarz\u0105dcy, w sytuacji gdy wyra\u017ca si\u0119 na to zgod\u0119.<\/li>\n<li>Dow\u00f3d osobisty.<\/li>\n<li>O\u015bwiadczenie o stanie maj\u0105tkowym na \u017c\u0105danie pracownika.<\/li>\n<\/ul>\n","protected":false},"excerpt":{"rendered":"<p>&nbsp; Krystyna Tch\u00f3rzewska: samodzielny referent ds. dodatk\u00f3w mieszkaniowych i dodatk\u00f3w energetycznych nr tel.:\u00a0\u00a0(0-25) 792 20 57\u00a0\u00a0\u00a0w.\u00a026 Dodatki mieszkaniowe: Komu przys\u0142uguje dodatek mieszkaniowy? najemcom oraz podnajemcom lokali mieszkalnych, cz\u0142onkom sp\u00f3\u0142dzielni mieszkaniowych zamieszkuj\u0105cym na podstawie sp\u00f3\u0142dzielczego prawa do lokalu mieszkalnego, osobom zajmuj\u0105cym lokale mieszkalne w budynkach stanowi\u0105cych ich w\u0142asno\u015b\u0107 i w\u0142a\u015bcicielom lokali mieszkalnych, innym osobom maj\u0105cym tytu\u0142 &hellip; <a href=\"https:\/\/cps.wegrow.pl\/?page_id=150\" class=\"more-link\">Czytaj dalej<span class=\"screen-reader-text\"> \u201eInformacje og\u00f3lne\u201d<\/span><\/a><\/p>\n","protected":false},"author":1,"featured_media":0,"parent":104,"menu_order":0,"comment_status":"closed","ping_status":"closed","template":"","meta":{"footnotes":""},"class_list":["post-150","page","type-page","status-publish","hentry"],"_links":{"self":[{"href":"https:\/\/cps.wegrow.pl\/index.php?rest_route=\/wp\/v2\/pages\/150","targetHints":{"allow":["GET"]}}],"collection":[{"href":"https:\/\/cps.wegrow.pl\/index.php?rest_route=\/wp\/v2\/pages"}],"about":[{"href":"https:\/\/cps.wegrow.pl\/index.php?rest_route=\/wp\/v2\/types\/page"}],"author":[{"embeddable":true,"href":"https:\/\/cps.wegrow.pl\/index.php?rest_route=\/wp\/v2\/users\/1"}],"replies":[{"embeddable":true,"href":"https:\/\/cps.wegrow.pl\/index.php?rest_route=%2Fwp%2Fv2%2Fcomments&post=150"}],"version-history":[{"count":9,"href":"https:\/\/cps.wegrow.pl\/index.php?rest_route=\/wp\/v2\/pages\/150\/revisions"}],"predecessor-version":[{"id":987,"href":"https:\/\/cps.wegrow.pl\/index.php?rest_route=\/wp\/v2\/pages\/150\/revisions\/987"}],"up":[{"embeddable":true,"href":"https:\/\/cps.wegrow.pl\/index.php?rest_route=\/wp\/v2\/pages\/104"}],"wp:attachment":[{"href":"https:\/\/cps.wegrow.pl\/index.php?rest_route=%2Fwp%2Fv2%2Fmedia&parent=150"}],"curies":[{"name":"wp","href":"https:\/\/api.w.org\/{rel}","templated":true}]}}