{"id":170,"date":"2017-01-12T13:30:21","date_gmt":"2017-01-12T13:30:21","guid":{"rendered":"http:\/\/serwer1604704.home.pl\/autoinstalator\/wordpress\/?page_id=170"},"modified":"2018-09-20T09:40:16","modified_gmt":"2018-09-20T09:40:16","slug":"podstawowe-przepisy-prawne","status":"publish","type":"page","link":"https:\/\/cps.wegrow.pl\/?page_id=170","title":{"rendered":"Podstawowe przepisy prawne"},"content":{"rendered":"<h1 style=\"text-align: justify;\">Podstawowe przepisy prawne<strong>\u00a0<\/strong><\/h1>\n<ol>\n<li style=\"text-align: justify;\">Ustawa z dnia 7 wrze\u015bnia 2007 r. o systemie o\u015bwiaty;<\/li>\n<li style=\"text-align: justify;\">Ustawa z dnia 12 marca 2004 roku o pomocy spo\u0142ecznej;<\/li>\n<li style=\"text-align: justify;\">Rozporz\u0105dzenie Rady Ministr\u00f3w z dnia\u00a07 sierpnia 2015 w sprawie wysoko\u015bci dochodu rodziny albo dochodu os\u00f3b ucz\u0105cych si\u0119 stanowi\u0105cych podstaw\u0119 do ubiegania si\u0119 o zasi\u0142ek rodzinny oraz Specjalny\u00a0Zasi\u0142ek Opieku\u0144czy, wysoko\u015bci \u015bwiadcze\u0144 rodzinnych oraz wysoko\u015bci Zasi\u0142ku dla Opiekuna;<\/li>\n<li style=\"text-align: justify;\">Rozporz\u0105dzenie Rady Ministr\u00f3w z dnia 14 lipca 2015r. w sprawie zweryfikowanych kryteri\u00f3w dochodowych oraz kwot \u015bwiadcze\u0144 pieni\u0119\u017cnych z pomocy spo\u0142ecznej;<\/li>\n<li style=\"text-align: justify;\">Uchwa\u0142a Nr\u00a0XXIV\/152\/2016 Rady Miejskiej W\u0119growa z dnia 29\u00a0wrze\u015bnia 2016 r. w sprawie regulaminu udzielenia pomocy materialnej o charakterze socjalnym dla uczni\u00f3w zamieszka\u0142ych na terenie miasta W\u0119growa;<\/li>\n<li style=\"text-align: justify;\">Uchwa\u0142a Nr XXXV\/225\/2009 Rady Miejskiej W\u0119growa z dnia 30 marca 2009r. w sprawie upowa\u017cnienia kierownika Centrum Pomocy Spo\u0142ecznej w W\u0119growie do wydawania decyzji administracyjnych.<\/li>\n<\/ol>\n","protected":false},"excerpt":{"rendered":"<p>Podstawowe przepisy prawne\u00a0 Ustawa z dnia 7 wrze\u015bnia 2007 r. o systemie o\u015bwiaty; Ustawa z dnia 12 marca 2004 roku o pomocy spo\u0142ecznej; Rozporz\u0105dzenie Rady Ministr\u00f3w z dnia\u00a07 sierpnia 2015 w sprawie wysoko\u015bci dochodu rodziny albo dochodu os\u00f3b ucz\u0105cych si\u0119 stanowi\u0105cych podstaw\u0119 do ubiegania si\u0119 o zasi\u0142ek rodzinny oraz Specjalny\u00a0Zasi\u0142ek Opieku\u0144czy, wysoko\u015bci \u015bwiadcze\u0144 rodzinnych oraz &hellip; <a href=\"https:\/\/cps.wegrow.pl\/?page_id=170\" class=\"more-link\">Czytaj dalej<span class=\"screen-reader-text\"> \u201ePodstawowe przepisy prawne\u201d<\/span><\/a><\/p>\n","protected":false},"author":1,"featured_media":0,"parent":107,"menu_order":0,"comment_status":"closed","ping_status":"closed","template":"","meta":{"footnotes":""},"class_list":["post-170","page","type-page","status-publish","hentry"],"_links":{"self":[{"href":"https:\/\/cps.wegrow.pl\/index.php?rest_route=\/wp\/v2\/pages\/170","targetHints":{"allow":["GET"]}}],"collection":[{"href":"https:\/\/cps.wegrow.pl\/index.php?rest_route=\/wp\/v2\/pages"}],"about":[{"href":"https:\/\/cps.wegrow.pl\/index.php?rest_route=\/wp\/v2\/types\/page"}],"author":[{"embeddable":true,"href":"https:\/\/cps.wegrow.pl\/index.php?rest_route=\/wp\/v2\/users\/1"}],"replies":[{"embeddable":true,"href":"https:\/\/cps.wegrow.pl\/index.php?rest_route=%2Fwp%2Fv2%2Fcomments&post=170"}],"version-history":[{"count":9,"href":"https:\/\/cps.wegrow.pl\/index.php?rest_route=\/wp\/v2\/pages\/170\/revisions"}],"predecessor-version":[{"id":696,"href":"https:\/\/cps.wegrow.pl\/index.php?rest_route=\/wp\/v2\/pages\/170\/revisions\/696"}],"up":[{"embeddable":true,"href":"https:\/\/cps.wegrow.pl\/index.php?rest_route=\/wp\/v2\/pages\/107"}],"wp:attachment":[{"href":"https:\/\/cps.wegrow.pl\/index.php?rest_route=%2Fwp%2Fv2%2Fmedia&parent=170"}],"curies":[{"name":"wp","href":"https:\/\/api.w.org\/{rel}","templated":true}]}}