{"id":205,"date":"2017-01-12T15:30:52","date_gmt":"2017-01-12T15:30:52","guid":{"rendered":"http:\/\/serwer1604704.home.pl\/autoinstalator\/wordpress\/?page_id=205"},"modified":"2017-01-20T20:42:04","modified_gmt":"2017-01-20T20:42:04","slug":"rekrutacja-2013","status":"publish","type":"page","link":"https:\/\/cps.wegrow.pl\/?page_id=205","title":{"rendered":"Rekrutacja 2013"},"content":{"rendered":"<p style=\"text-align: center;\">OG\u0141OSZENIE<\/p>\n<p>Miasto W\u0119gr\u00f3w\/Centrum Pomocy Spo\u0142ecznej w W\u0119growie w 2013 roku b\u0119dzie realizowa\u0142o projekt systemowy pod tytu\u0142em<\/p>\n<p><strong>\u00a0 \u201e Kontrakt socjalny Twoj\u0105 szans\u0105 \u2013 etap II\u201d\u00a0\u00a0\u00a0<\/strong><\/p>\n<p>wsp\u00f3\u0142finansowany ze \u015brodk\u00f3w Europejskiego Funduszu Spo\u0142ecznego.<\/p>\n<p>W zwi\u0105zku z tym zapraszamy osoby zainteresowane udzia\u0142em w w\/w projekcie do zg\u0142aszania si\u0119 do rejonowych pracownik\u00f3w socjalnych.<\/p>\n","protected":false},"excerpt":{"rendered":"<p>OG\u0141OSZENIE Miasto W\u0119gr\u00f3w\/Centrum Pomocy Spo\u0142ecznej w W\u0119growie w 2013 roku b\u0119dzie realizowa\u0142o projekt systemowy pod tytu\u0142em \u00a0 \u201e Kontrakt socjalny Twoj\u0105 szans\u0105 \u2013 etap II\u201d\u00a0\u00a0\u00a0 wsp\u00f3\u0142finansowany ze \u015brodk\u00f3w Europejskiego Funduszu Spo\u0142ecznego. W zwi\u0105zku z tym zapraszamy osoby zainteresowane udzia\u0142em w w\/w projekcie do zg\u0142aszania si\u0119 do rejonowych pracownik\u00f3w socjalnych.<\/p>\n","protected":false},"author":1,"featured_media":0,"parent":113,"menu_order":0,"comment_status":"closed","ping_status":"closed","template":"","meta":{"footnotes":""},"class_list":["post-205","page","type-page","status-publish","hentry"],"_links":{"self":[{"href":"https:\/\/cps.wegrow.pl\/index.php?rest_route=\/wp\/v2\/pages\/205","targetHints":{"allow":["GET"]}}],"collection":[{"href":"https:\/\/cps.wegrow.pl\/index.php?rest_route=\/wp\/v2\/pages"}],"about":[{"href":"https:\/\/cps.wegrow.pl\/index.php?rest_route=\/wp\/v2\/types\/page"}],"author":[{"embeddable":true,"href":"https:\/\/cps.wegrow.pl\/index.php?rest_route=\/wp\/v2\/users\/1"}],"replies":[{"embeddable":true,"href":"https:\/\/cps.wegrow.pl\/index.php?rest_route=%2Fwp%2Fv2%2Fcomments&post=205"}],"version-history":[{"count":2,"href":"https:\/\/cps.wegrow.pl\/index.php?rest_route=\/wp\/v2\/pages\/205\/revisions"}],"predecessor-version":[{"id":427,"href":"https:\/\/cps.wegrow.pl\/index.php?rest_route=\/wp\/v2\/pages\/205\/revisions\/427"}],"up":[{"embeddable":true,"href":"https:\/\/cps.wegrow.pl\/index.php?rest_route=\/wp\/v2\/pages\/113"}],"wp:attachment":[{"href":"https:\/\/cps.wegrow.pl\/index.php?rest_route=%2Fwp%2Fv2%2Fmedia&parent=205"}],"curies":[{"name":"wp","href":"https:\/\/api.w.org\/{rel}","templated":true}]}}