{"id":211,"date":"2017-01-12T15:31:54","date_gmt":"2017-01-12T15:31:54","guid":{"rendered":"http:\/\/serwer1604704.home.pl\/autoinstalator\/wordpress\/?page_id=211"},"modified":"2017-01-20T20:45:45","modified_gmt":"2017-01-20T20:45:45","slug":"rekrutacja","status":"publish","type":"page","link":"https:\/\/cps.wegrow.pl\/?page_id=211","title":{"rendered":"Rekrutacja"},"content":{"rendered":"<p style=\"text-align: center;\">OG\u0141OSZENIE<\/p>\n<p>Centrum Pomocy Spo\u0142ecznej w W\u0119growie<br \/>\nw 2010 roku b\u0119dzie realizowa\u0142o projekt systemowy pod tytu\u0142em<\/p>\n<p style=\"text-align: center;\"><strong>\u201e Kontrakt socjalny Twoj\u0105 szans\u0105\u00a0 \u2013 etap III\u201d\u00a0\u00a0\u00a0 \u00a0<\/strong><\/p>\n<p>wsp\u00f3\u0142finansowany ze \u015brodk\u00f3w Europejskiego Funduszu Spo\u0142ecznego.<\/p>\n<p>W zwi\u0105zku z tym zapraszamy osoby zainteresowane udzia\u0142em w w\/w projekcie do zg\u0142aszania si\u0119 do rejonowych pracownik\u00f3w socjalnych.<\/p>\n","protected":false},"excerpt":{"rendered":"<p>OG\u0141OSZENIE Centrum Pomocy Spo\u0142ecznej w W\u0119growie w 2010 roku b\u0119dzie realizowa\u0142o projekt systemowy pod tytu\u0142em \u201e Kontrakt socjalny Twoj\u0105 szans\u0105\u00a0 \u2013 etap III\u201d\u00a0\u00a0\u00a0 \u00a0 wsp\u00f3\u0142finansowany ze \u015brodk\u00f3w Europejskiego Funduszu Spo\u0142ecznego. W zwi\u0105zku z tym zapraszamy osoby zainteresowane udzia\u0142em w w\/w projekcie do zg\u0142aszania si\u0119 do rejonowych pracownik\u00f3w socjalnych.<\/p>\n","protected":false},"author":1,"featured_media":0,"parent":113,"menu_order":0,"comment_status":"closed","ping_status":"closed","template":"","meta":{"footnotes":""},"class_list":["post-211","page","type-page","status-publish","hentry"],"_links":{"self":[{"href":"https:\/\/cps.wegrow.pl\/index.php?rest_route=\/wp\/v2\/pages\/211","targetHints":{"allow":["GET"]}}],"collection":[{"href":"https:\/\/cps.wegrow.pl\/index.php?rest_route=\/wp\/v2\/pages"}],"about":[{"href":"https:\/\/cps.wegrow.pl\/index.php?rest_route=\/wp\/v2\/types\/page"}],"author":[{"embeddable":true,"href":"https:\/\/cps.wegrow.pl\/index.php?rest_route=\/wp\/v2\/users\/1"}],"replies":[{"embeddable":true,"href":"https:\/\/cps.wegrow.pl\/index.php?rest_route=%2Fwp%2Fv2%2Fcomments&post=211"}],"version-history":[{"count":3,"href":"https:\/\/cps.wegrow.pl\/index.php?rest_route=\/wp\/v2\/pages\/211\/revisions"}],"predecessor-version":[{"id":431,"href":"https:\/\/cps.wegrow.pl\/index.php?rest_route=\/wp\/v2\/pages\/211\/revisions\/431"}],"up":[{"embeddable":true,"href":"https:\/\/cps.wegrow.pl\/index.php?rest_route=\/wp\/v2\/pages\/113"}],"wp:attachment":[{"href":"https:\/\/cps.wegrow.pl\/index.php?rest_route=%2Fwp%2Fv2%2Fmedia&parent=211"}],"curies":[{"name":"wp","href":"https:\/\/api.w.org\/{rel}","templated":true}]}}