{"id":385,"date":"2017-01-19T19:56:06","date_gmt":"2017-01-19T19:56:06","guid":{"rendered":"http:\/\/serwer1604704.home.pl\/?page_id=385"},"modified":"2025-04-03T10:01:12","modified_gmt":"2025-04-03T10:01:12","slug":"swiadczenie-pielegnacyjne","status":"publish","type":"page","link":"https:\/\/cps.wegrow.pl\/?page_id=385","title":{"rendered":"\u015awiadczenie piel\u0119gnacyjne"},"content":{"rendered":"<p style=\"text-align: justify;\">\u015awiadczenie piel\u0119gnacyjne przys\u0142uguje osobom, na kt\u00f3rych zgodnie z przepisami ustawy z dnia 25 lutego 1964 r. Kodeks rodzinny i opieku\u0144czy (Dz. U. Nr 9, poz. 59 ze zm.) ci\u0105\u017cy obowi\u0105zek alimentacyjny, a tak\u017ce opiekunowi faktycznemu dziecka, je\u017celi nie podejmuj\u0105 lub rezygnuj\u0105 z zatrudnienia lub innej pracy zarobkowej w celu sprawowania opieki nad dzieckiem legitymuj\u0105cym si\u0119 orzeczeniem o niepe\u0142nosprawno\u015bci \u0142\u0105cznie ze wskazaniami: konieczno\u015bci sta\u0142ej lub d\u0142ugotrwa\u0142ej opieki lub pomocy innej osoby w zwi\u0105zku ze znacznie ograniczon\u0105 mo\u017cliwo\u015bci\u0105 samodzielnej egzystencji oraz konieczno\u015bci sta\u0142ego wsp\u00f3\u0142udzia\u0142u na co dzie\u0144 opiekuna dziecka w procesie jego leczenia, rehabilitacji i edukacji, albo orzeczeniem o znacznym stopniu niepe\u0142nosprawno\u015bci. \u015awiadczenie piel\u0119gnacyjne przys\u0142uguje, je\u017celi niepe\u0142nosprawno\u015b\u0107 osoby wymagaj\u0105cej opieki powsta\u0142a:<\/p>\n<ul style=\"text-align: justify;\">\n<li>nie p\u00f3\u017aniej ni\u017c do uko\u0144czenia 18. roku \u017cycia lub<\/li>\n<li>w trakcie nauki w szkole lub w szkole wy\u017cszej, jednak nie p\u00f3\u017aniej ni\u017c do uko\u0144czenia 25. roku \u017cycia.<\/li>\n<\/ul>\n<p style=\"text-align: justify;\"><strong> \u015awiadczenie piel\u0119gnacyjne przys\u0142uguje w wysoko\u015bci: <\/strong><\/p>\n<ul style=\"text-align: justify;\">\n<li><strong>3287,00 z\u0142<\/strong> od 1 stycznia 2025r.<\/li>\n<\/ul>\n<p style=\"text-align: justify;\">Kwota \u015bwiadczenia piel\u0119gnacyjnego podlega corocznej waloryzacji od dnia 1 stycznia 2017r. Wska\u017anikiem waloryzacji jest procentowy wzrost minimalnego wynagrodzenia za prac\u0119, o kt\u00f3rym mowa w ustawie z dnia 10 pa\u017adziernika 2002r. o minimalnym wynagrodzeniu za prac\u0119 (Dz. U. Nr 200, poz 1679, z 2004r. Nr 240, poz 2407 oraz z 2005r. Nr 157, poz 1314), obowi\u0105zuj\u0105cego na dzie\u0144 1 stycznia roku, w kt\u00f3rym jest przeprowadzana waloryzacja, w stosunku do wysoko\u015bci minimalnego wynagrodzenia za prace obowi\u0105zuj\u0105cej w dniu 1 stycznia roku poprzedzaj\u0105cego rok, w kt\u00f3rym jest przeprowadzona waloryzacja.<\/p>\n<p style=\"text-align: justify;\">Wysoko\u015b\u0107 \u015bwiadczenia piel\u0119gnacyjnego ustalonego w ten spos\u00f3b zaokr\u0105gla si\u0119 do pe\u0142nych z\u0142ot\u00f3wek w g\u00f3r\u0119.<\/p>\n<p style=\"text-align: justify;\">Wysoko\u015b\u0107 \u015bwiadczenia piel\u0119gnacyjnego na nast\u0119pny rok kalendarzowy podlega og\u0142oszeniu w drodze obwieszczenia przez ministra w\u0142a\u015bciwego do spraw zabezpieczenia spo\u0142ecznego w Dzienniku Urz\u0119dowym Rzeczypospolitej Polskiej \u201eMonitor Polski\u201d, w terminie do dnia 15 listopada ka\u017cdego roku.<\/p>\n","protected":false},"excerpt":{"rendered":"<p>\u015awiadczenie piel\u0119gnacyjne przys\u0142uguje osobom, na kt\u00f3rych zgodnie z przepisami ustawy z dnia 25 lutego 1964 r. Kodeks rodzinny i opieku\u0144czy (Dz. U. Nr 9, poz. 59 ze zm.) ci\u0105\u017cy obowi\u0105zek alimentacyjny, a tak\u017ce opiekunowi faktycznemu dziecka, je\u017celi nie podejmuj\u0105 lub rezygnuj\u0105 z zatrudnienia lub innej pracy zarobkowej w celu sprawowania opieki nad dzieckiem legitymuj\u0105cym si\u0119 &hellip; <a href=\"https:\/\/cps.wegrow.pl\/?page_id=385\" class=\"more-link\">Czytaj dalej<span class=\"screen-reader-text\"> \u201e\u015awiadczenie piel\u0119gnacyjne\u201d<\/span><\/a><\/p>\n","protected":false},"author":1,"featured_media":0,"parent":71,"menu_order":0,"comment_status":"closed","ping_status":"closed","template":"","meta":{"footnotes":""},"class_list":["post-385","page","type-page","status-publish","hentry"],"_links":{"self":[{"href":"https:\/\/cps.wegrow.pl\/index.php?rest_route=\/wp\/v2\/pages\/385","targetHints":{"allow":["GET"]}}],"collection":[{"href":"https:\/\/cps.wegrow.pl\/index.php?rest_route=\/wp\/v2\/pages"}],"about":[{"href":"https:\/\/cps.wegrow.pl\/index.php?rest_route=\/wp\/v2\/types\/page"}],"author":[{"embeddable":true,"href":"https:\/\/cps.wegrow.pl\/index.php?rest_route=\/wp\/v2\/users\/1"}],"replies":[{"embeddable":true,"href":"https:\/\/cps.wegrow.pl\/index.php?rest_route=%2Fwp%2Fv2%2Fcomments&post=385"}],"version-history":[{"count":8,"href":"https:\/\/cps.wegrow.pl\/index.php?rest_route=\/wp\/v2\/pages\/385\/revisions"}],"predecessor-version":[{"id":1404,"href":"https:\/\/cps.wegrow.pl\/index.php?rest_route=\/wp\/v2\/pages\/385\/revisions\/1404"}],"up":[{"embeddable":true,"href":"https:\/\/cps.wegrow.pl\/index.php?rest_route=\/wp\/v2\/pages\/71"}],"wp:attachment":[{"href":"https:\/\/cps.wegrow.pl\/index.php?rest_route=%2Fwp%2Fv2%2Fmedia&parent=385"}],"curies":[{"name":"wp","href":"https:\/\/api.w.org\/{rel}","templated":true}]}}