{"id":399,"date":"2017-01-19T20:13:32","date_gmt":"2017-01-19T20:13:32","guid":{"rendered":"http:\/\/serwer1604704.home.pl\/?page_id=399"},"modified":"2019-05-08T08:43:48","modified_gmt":"2019-05-08T08:43:48","slug":"druki-do-pobrania","status":"publish","type":"page","link":"https:\/\/cps.wegrow.pl\/?page_id=399","title":{"rendered":"Druki do pobrania"},"content":{"rendered":"<p>Druki do pobrania\u00a0 \u015bwiadczeniach rodzinnych<\/p>\n<p><span style=\"text-align: left; color: #212529; text-transform: none; text-indent: 0px; letter-spacing: normal; font-family: 'Roboto',sans-serif; font-size: 16px; font-style: normal; font-variant: normal; font-weight: 400; text-decoration: none; word-spacing: 0px; float: none; display: inline !important; white-space: normal; orphans: 2; background-color: #ffffff; -webkit-text-stroke-width: 0px;\">Formularze wniosk\u00f3w oraz innych dokument\u00f3w niezb\u0119dnych do przyznania prawa do \u015bwiadcze\u0144 udost\u0119pnia podmiot realizuj\u0105cy \u015bwiadczenia. Przyk\u0142adowe wzory wniosk\u00f3w oraz za\u0142\u0105cznik\u00f3w do wniosku s\u0105 dost\u0119pne te\u017c na stronie Biuletynu Informacji Publicznej Ministerstwa Rodziny Pracy i Polityki Spo\u0142ecznej.<\/span><\/p>\n<p>&nbsp;<\/p>\n<p>&nbsp;<\/p>\n","protected":false},"excerpt":{"rendered":"<p>Druki do pobrania\u00a0 \u015bwiadczeniach rodzinnych Formularze wniosk\u00f3w oraz innych dokument\u00f3w niezb\u0119dnych do przyznania prawa do \u015bwiadcze\u0144 udost\u0119pnia podmiot realizuj\u0105cy \u015bwiadczenia. Przyk\u0142adowe wzory wniosk\u00f3w oraz za\u0142\u0105cznik\u00f3w do wniosku s\u0105 dost\u0119pne te\u017c na stronie Biuletynu Informacji Publicznej Ministerstwa Rodziny Pracy i Polityki Spo\u0142ecznej. &nbsp; &nbsp;<\/p>\n","protected":false},"author":1,"featured_media":0,"parent":62,"menu_order":0,"comment_status":"closed","ping_status":"closed","template":"","meta":{"footnotes":""},"class_list":["post-399","page","type-page","status-publish","hentry"],"_links":{"self":[{"href":"https:\/\/cps.wegrow.pl\/index.php?rest_route=\/wp\/v2\/pages\/399","targetHints":{"allow":["GET"]}}],"collection":[{"href":"https:\/\/cps.wegrow.pl\/index.php?rest_route=\/wp\/v2\/pages"}],"about":[{"href":"https:\/\/cps.wegrow.pl\/index.php?rest_route=\/wp\/v2\/types\/page"}],"author":[{"embeddable":true,"href":"https:\/\/cps.wegrow.pl\/index.php?rest_route=\/wp\/v2\/users\/1"}],"replies":[{"embeddable":true,"href":"https:\/\/cps.wegrow.pl\/index.php?rest_route=%2Fwp%2Fv2%2Fcomments&post=399"}],"version-history":[{"count":5,"href":"https:\/\/cps.wegrow.pl\/index.php?rest_route=\/wp\/v2\/pages\/399\/revisions"}],"predecessor-version":[{"id":748,"href":"https:\/\/cps.wegrow.pl\/index.php?rest_route=\/wp\/v2\/pages\/399\/revisions\/748"}],"up":[{"embeddable":true,"href":"https:\/\/cps.wegrow.pl\/index.php?rest_route=\/wp\/v2\/pages\/62"}],"wp:attachment":[{"href":"https:\/\/cps.wegrow.pl\/index.php?rest_route=%2Fwp%2Fv2%2Fmedia&parent=399"}],"curies":[{"name":"wp","href":"https:\/\/api.w.org\/{rel}","templated":true}]}}